{"id":81,"date":"2018-01-16T18:54:25","date_gmt":"2018-01-16T17:54:25","guid":{"rendered":"http:\/\/www.vollersound.com\/?page_id=81"},"modified":"2018-02-27T20:15:36","modified_gmt":"2018-02-27T19:15:36","slug":"impressum","status":"publish","type":"page","link":"https:\/\/www.vollersound.com\/?page_id=81","title":{"rendered":"IMPRESSUM:"},"content":{"rendered":"<p>Offenlegung nach \u00a7 25 Mediengesetz<\/p>\n<p>Adresse:<br \/>\nAndreas Voller<br \/>\nAm Tabor 20-22\/1\/39<br \/>\n1020 Wien<br \/>\n\u00d6sterreich<\/p>\n<p>Telefon: +43 664 41 35 019<br \/>\nAnsprechpartner: Andreas VOLLER<br \/>\nE-Mail: <a href=\"mailto:andreas@vollersound.com\">andreas@vollersound.com<\/a><\/p>\n<p>Steueridentifikation<\/p>\n<p>VAT-ID: ATU 72911058<\/p>\n<p>Steuer-Nr. 12 681\/4516<\/p>\n<p>Unternehmensgegenstand: Buch-, Kunst- und Musikalienverlag<\/p>\n<p>Mitglied der WK\u00d6.<\/p>\n<p>Aufsichtsbeh\u00f6rde: Magistratisches Bezirksamt f\u00fcr den 2. Bezirk<\/p>\n<p>Anwendbare Rechtsvorschrift: Gewerbeordnung 1994 \u2013 abrufbar unter <a href=\"http:\/\/www.ris.bka.gv.at\">www.ris.bka.gv.at<\/a><\/p>\n<p>Haftungshinweis:<br \/>\nTrotz sorgf\u00e4ltiger inhaltlicher Kontrolle \u00fcbernehme ich keine Haftung f\u00fcr die Inhalte externer Links. F\u00fcr den Inhalt der verlinkten Seiten sind ausschlie\u00dflich deren Betreiber verantwortlich.<\/p>\n<p>Au\u00dfergerichtliche Streitbeilegung:<\/p>\n<p>Gem\u00e4\u00df \u00a7 19 AStG wird die Information erteilt, dass zur Beilegung von Streitigkeiten mit Verbrauchern neben dem Schlichtungsverfahren der Rechtsanwaltskammer Wien die Schlichtungsstelle f\u00fcr Verbraucher (Schlichtung f\u00fcr Verbrauchergesch\u00e4fte, <a href=\"http:\/\/www.verbraucherschlichtung.or.at\/\">http:\/\/www.verbraucherschlichtung.or.at\/<\/a>) angerufen werden kann. Im Sinne der Verordnung EU 524\/2013 wird zudem auf die Online-Streitbeilegungsplattform der Europ\u00e4ischen Union (<a href=\"http:\/\/ec.europa.eu\/consumers\/odr\">http:\/\/ec.europa.eu\/consumers\/odr<\/a> ) hingewiesen.<br \/>\nVoller Sound weist darauf hin, dass Voller Sound nicht bereit und nicht verpflichtet ist, an Streitbeilegungsverfahren vor einer Verbraucherschlichtungsstelle teilzunehmen.<\/p>\n","protected":false},"excerpt":{"rendered":"<p>Offenlegung nach \u00a7 25 Mediengesetz Adresse: Andreas Voller Am Tabor 20-22\/1\/39 1020 Wien \u00d6sterreich Telefon: +43 664 41 35 019 Ansprechpartner: Andreas VOLLER E-Mail: andreas@vollersound.com Steueridentifikation VAT-ID: ATU 72911058 Steuer-Nr. 12 681\/4516 Unternehmensgegenstand: Buch-, Kunst- und Musikalienverlag Mitglied der WK\u00d6. Aufsichtsbeh\u00f6rde: Magistratisches Bezirksamt f\u00fcr den 2. Bezirk Anwendbare Rechtsvorschrift: Gewerbeordnung 1994 \u2013 abrufbar unter www.ris.bka.gv.at &hellip; <\/p>\n<p class=\"link-more\"><a href=\"https:\/\/www.vollersound.com\/?page_id=81\" class=\"more-link\"><span class=\"screen-reader-text\">\u201eIMPRESSUM:\u201c <\/span>weiterlesen<\/a><\/p>\n","protected":false},"author":1,"featured_media":0,"parent":0,"menu_order":0,"comment_status":"closed","ping_status":"closed","template":"","meta":{"footnotes":""},"class_list":["post-81","page","type-page","status-publish","hentry"],"_links":{"self":[{"href":"https:\/\/www.vollersound.com\/index.php?rest_route=\/wp\/v2\/pages\/81","targetHints":{"allow":["GET"]}}],"collection":[{"href":"https:\/\/www.vollersound.com\/index.php?rest_route=\/wp\/v2\/pages"}],"about":[{"href":"https:\/\/www.vollersound.com\/index.php?rest_route=\/wp\/v2\/types\/page"}],"author":[{"embeddable":true,"href":"https:\/\/www.vollersound.com\/index.php?rest_route=\/wp\/v2\/users\/1"}],"replies":[{"embeddable":true,"href":"https:\/\/www.vollersound.com\/index.php?rest_route=%2Fwp%2Fv2%2Fcomments&post=81"}],"version-history":[{"count":5,"href":"https:\/\/www.vollersound.com\/index.php?rest_route=\/wp\/v2\/pages\/81\/revisions"}],"predecessor-version":[{"id":369,"href":"https:\/\/www.vollersound.com\/index.php?rest_route=\/wp\/v2\/pages\/81\/revisions\/369"}],"wp:attachment":[{"href":"https:\/\/www.vollersound.com\/index.php?rest_route=%2Fwp%2Fv2%2Fmedia&parent=81"}],"curies":[{"name":"wp","href":"https:\/\/api.w.org\/{rel}","templated":true}]}}