{"id":207,"date":"2018-02-05T16:08:29","date_gmt":"2018-02-05T15:08:29","guid":{"rendered":"http:\/\/www.vollersound.com\/?page_id=207"},"modified":"2026-04-12T12:37:17","modified_gmt":"2026-04-12T10:37:17","slug":"live-termine","status":"publish","type":"page","link":"https:\/\/www.vollersound.com\/?page_id=207","title":{"rendered":"Live Termine"},"content":{"rendered":"\n<p><strong><a href=\"https:\/\/www.facebook.com\/profile.php?id=61555960857546\">Stubnblues 2Punkt0<\/a><\/strong><\/p>\n\n\n\n<figure class=\"wp-block-embed is-type-video is-provider-youtube wp-block-embed-youtube wp-embed-aspect-16-9 wp-has-aspect-ratio\"><div class=\"wp-block-embed__wrapper\">\n<iframe loading=\"lazy\" title=\"Stubnblues 2.0 - Aalanech Fia Di (Live) in der Kom\u00f6die Graz 2025\" width=\"525\" height=\"295\" src=\"https:\/\/www.youtube.com\/embed\/a4wZ9miQOGI?feature=oembed\" frameborder=\"0\" allow=\"accelerometer; autoplay; clipboard-write; encrypted-media; gyroscope; picture-in-picture; web-share\" referrerpolicy=\"strict-origin-when-cross-origin\" allowfullscreen><\/iframe>\n<\/div><\/figure>\n\n\n\n<p>14.04. Stadtsaal, Wien<br>15.04. Kom\u00f6die, Graz<br>23.04. Komma, W\u00f6rgl<br>24.04. Spielboden, Dornbirn<br>25.04. Bruckm\u00fchle, Pregarten<br>30.04. ArgeKultur, Salzburg<br>01.05. B\u00fchne im Hof, St.P\u00f6lten<br>26.&amp;27.06 Weingut Pongratz, Gamlitz<br>26.07. Salzachfestspiele, Laufen<br>16.09. Theater am Spittlberg, Wien<br>09.12. Stadttheater, Brunneck<br>10.12. Cinetheatro, Neukirchen<\/p>\n\n\n\n<p><strong><a href=\"https:\/\/www.facebook.com\/hashtag\/mickharvey?__eep__=6&amp;__cft__[0]=AZapxvyX-oBDjnavz9X10IxslNfASIPFXKabf1TE9wXCMcJYY27gC3U1oVCqZkA5YYaUC286g7yYO1nUxlVy3foDz9EDGRJ46e4nsNLqquyOcL99hV3XarjSW4qD9M4pko85g9Bv3V5OEt3Cw7maLqpzX0pjtf625amN87UZ4DfvWr6wtxFVsOOkBG7C5TrvUKE&amp;__tn__=*NK-R\">MickHarvey<\/a> und <a href=\"https:\/\/www.facebook.com\/hashtag\/amandaacevedo?__eep__=6&amp;__cft__[0]=AZapxvyX-oBDjnavz9X10IxslNfASIPFXKabf1TE9wXCMcJYY27gC3U1oVCqZkA5YYaUC286g7yYO1nUxlVy3foDz9EDGRJ46e4nsNLqquyOcL99hV3XarjSW4qD9M4pko85g9Bv3V5OEt3Cw7maLqpzX0pjtf625amN87UZ4DfvWr6wtxFVsOOkBG7C5TrvUKE&amp;__tn__=*NK-R\">AmandaAcevedo<\/a><\/strong><\/p>\n\n\n\n<figure class=\"wp-block-embed is-type-video is-provider-youtube wp-block-embed-youtube wp-embed-aspect-16-9 wp-has-aspect-ratio\"><div class=\"wp-block-embed__wrapper\">\n<iframe loading=\"lazy\" title=\"Mick Harvey &amp; Amanda Acevedo - Golden Mirror (Official Video)\" width=\"525\" height=\"295\" src=\"https:\/\/www.youtube.com\/embed\/YGtBxVOBWm8?feature=oembed\" frameborder=\"0\" allow=\"accelerometer; autoplay; clipboard-write; encrypted-media; gyroscope; picture-in-picture; web-share\" referrerpolicy=\"strict-origin-when-cross-origin\" allowfullscreen><\/iframe>\n<\/div><\/figure>\n\n\n\n<p><strong>23.04.26<\/strong> Theater Akzent \/ Wien <strong><a href=\"https:\/\/shop.akzent.at\/SelectSeats?ret=2&amp;e=8452\">Tickets<\/a><\/strong><\/p>\n\n\n\n<p><strong><a href=\"https:\/\/www.facebook.com\/rebekkabakken\">Rebekka Bakken<\/a><\/strong><\/p>\n\n\n\n<figure class=\"wp-block-embed is-type-video is-provider-youtube wp-block-embed-youtube wp-embed-aspect-4-3 wp-has-aspect-ratio\"><div class=\"wp-block-embed__wrapper\">\n<iframe loading=\"lazy\" title=\"Mitt Hjerte Alltid Vanker - Rebekka Baaken\" width=\"525\" height=\"394\" src=\"https:\/\/www.youtube.com\/embed\/6eSE8SQpVy0?feature=oembed\" frameborder=\"0\" allow=\"accelerometer; autoplay; clipboard-write; encrypted-media; gyroscope; picture-in-picture; web-share\" referrerpolicy=\"strict-origin-when-cross-origin\" allowfullscreen><\/iframe>\n<\/div><\/figure>\n\n\n\n<p>17.05.26 Weiz \/ Kunsthaus &#8211; <a href=\"https:\/\/www.oeticket.com\/event\/rebekka-bakken-kunsthaus-weiz-21012073\/\"><strong>Tickets<\/strong><\/a><\/p>\n\n\n\n<p>25.05.26 Klagenfurt \/ Burghof &#8211; <strong>Sold Out<\/strong><\/p>\n\n\n\n<p><strong><a href=\"https:\/\/www.facebook.com\/n21akedlunch\">Naked Lunch:<\/a><\/strong><\/p>\n\n\n\n<figure class=\"wp-block-embed is-type-video is-provider-youtube wp-block-embed-youtube wp-embed-aspect-16-9 wp-has-aspect-ratio\"><div class=\"wp-block-embed__wrapper\">\n<iframe loading=\"lazy\" title=\"Naked Lunch - To All And Everyone I Love (Official Video)\" width=\"525\" height=\"295\" src=\"https:\/\/www.youtube.com\/embed\/m-Rk9Z1Dq0M?feature=oembed\" frameborder=\"0\" allow=\"accelerometer; autoplay; clipboard-write; encrypted-media; gyroscope; picture-in-picture; web-share\" referrerpolicy=\"strict-origin-when-cross-origin\" allowfullscreen><\/iframe>\n<\/div><\/figure>\n\n\n\n<p>20.05.26 Baden\/ <strong>Cinema Paradiso <\/strong>&#8211; NEU<\/p>\n\n\n\n<p>21.05.26 St.P\u00f6lten \/ <strong>Cinema Paradiso<\/strong> &#8211; NEU<\/p>\n\n\n\n<p>22.05.26 <strong>Klagenfurt Festival<\/strong><\/p>\n\n\n\n<p><strong>Peter Cornelius:<\/strong><\/p>\n\n\n\n<figure class=\"wp-block-image size-full\"><img loading=\"lazy\" decoding=\"async\" width=\"700\" height=\"479\" src=\"https:\/\/www.vollersound.com\/wp-content\/uploads\/2026\/01\/Web_Peter-Cornelius-Pressefoto-LIVE-2026-\u00a9-Alexander-Mueller.jpg\" alt=\"\" class=\"wp-image-8972\" srcset=\"https:\/\/www.vollersound.com\/wp-content\/uploads\/2026\/01\/Web_Peter-Cornelius-Pressefoto-LIVE-2026-\u00a9-Alexander-Mueller.jpg 700w, https:\/\/www.vollersound.com\/wp-content\/uploads\/2026\/01\/Web_Peter-Cornelius-Pressefoto-LIVE-2026-\u00a9-Alexander-Mueller-300x205.jpg 300w\" sizes=\"auto, (max-width: 700px) 100vw, 700px\" \/><figcaption class=\"wp-element-caption\">\u00a9 Alexander Mueller<\/figcaption><\/figure>\n\n\n\n<p>13.04.2026 &#8211; D-M\u00fcnchen<br>14.04.2026 &#8211; D-Ingolstadt<br>21.05.2026 &#8211; Salzburg, Salzburg Arena<br>03.06.2026 &#8211; D-Passau<br>04.06.2026 &#8211; D-Regensburg<br>24.06.2026 &#8211; Grafenegg, Wolkenturm<br>25.07.2026 &#8211; Graz \u2013 Kasematten<br>20.08.2026 &#8211; Burgarena Finkenstein &#8211; neuer Termin<br>21.08.2026 &#8211; Burgarena Finkenstein<br>26.09.2026 &#8211; St. P\u00f6lten, VAZ<br>01.10.2026 &#8211; Innsbruck, Congress<br>02.10.2026 &#8211; Bregenz, Festspielhaus<br>15.10.2026 &#8211; Linz, Brucknerhaus<br>16.10.2026 &#8211; Gmunden, Toscana<br>22.10.2026 &#8211; Graz &#8211; Helmut List Halle<br>23.10.2026 &#8211; Eisenstadt,Kulturzentrum &#8211; Ausverkauft!<br>29.10.2026 &#8211; Wr Neustadt, Arena Nova &#8211; neuer Termin<br>05.11.2026 &#8211; Wiener Stadthalle, Halle F &#8211; neuer Termin<br>06.11.2026 &#8211; Wiener Stadthalle, Halle F<br>07.11.2026 &#8211; Wiener Stadthalle, Halle F<\/p>\n\n\n\n<p><strong><a href=\"https:\/\/www.instagram.com\/followthezebra_music\/\">Follow the Zebra:<\/a><\/strong><\/p>\n\n\n\n<figure class=\"wp-block-embed is-type-video is-provider-youtube wp-block-embed-youtube wp-embed-aspect-4-3 wp-has-aspect-ratio\"><div class=\"wp-block-embed__wrapper\">\n<iframe loading=\"lazy\" title=\"Follow The Zebra - Upcoming Attractions (Official Video)\" width=\"525\" height=\"394\" src=\"https:\/\/www.youtube.com\/embed\/hMooQTKxh0g?feature=oembed\" frameborder=\"0\" allow=\"accelerometer; autoplay; clipboard-write; encrypted-media; gyroscope; picture-in-picture; web-share\" referrerpolicy=\"strict-origin-when-cross-origin\" allowfullscreen><\/iframe>\n<\/div><\/figure>\n\n\n\n<p><strong>22.05.2026<\/strong> Chelsea \/ Wien<\/p>\n\n\n\n<p><strong><a href=\"https:\/\/www.facebook.com\/profile.php?id=61559264458220\">Post:<\/a><\/strong> &#8211;<strong> powered by <a href=\"https:\/\/www.ske-fonds.at\/\">SKE<\/a><\/strong><\/p>\n\n\n\n<figure class=\"wp-block-embed is-type-video is-provider-youtube wp-block-embed-youtube wp-embed-aspect-16-9 wp-has-aspect-ratio\"><div class=\"wp-block-embed__wrapper\">\n<iframe loading=\"lazy\" title=\"POST - Alles ist besser als wir\" width=\"525\" height=\"295\" src=\"https:\/\/www.youtube.com\/embed\/3lgZ1yNQ8kc?feature=oembed\" frameborder=\"0\" allow=\"accelerometer; autoplay; clipboard-write; encrypted-media; gyroscope; picture-in-picture; web-share\" referrerpolicy=\"strict-origin-when-cross-origin\" allowfullscreen><\/iframe>\n<\/div><\/figure>\n\n\n\n<p>24.04.2026 Recordbag Instore Konzert &#8211; Margaretenstrasse 91, 1050 Wien<\/p>\n\n\n\n<p>08.05.2026 Exil Instore Konzert (3er POST) &#8211; Wienerstrasse 4 \/ 2620 Neunkirchen<\/p>\n\n\n\n<p>28.05.2026 Schallter Instore Konzert (3er Post) &#8211; Westbahnstrasse 13, 1070 Wien<\/p>\n\n\n\n<p>29.05.2026 A Toast to Absent Friends II &#8211; (3er Post) &#8211; Stahlwerkstatt \/ Linz<\/p>\n\n\n\n<p><strong><a href=\"https:\/\/www.facebook.com\/parcdetriomphe\">Parc de Triomphe:<\/a><\/strong><\/p>\n\n\n\n<figure class=\"wp-block-embed is-type-video is-provider-youtube wp-block-embed-youtube wp-embed-aspect-16-9 wp-has-aspect-ratio\"><div class=\"wp-block-embed__wrapper\">\n<iframe loading=\"lazy\" title=\"PARC DE TRIOMPHE - Nichts bleibt, wie es war\" width=\"525\" height=\"295\" src=\"https:\/\/www.youtube.com\/embed\/xVTjcofhak4?feature=oembed\" frameborder=\"0\" allow=\"accelerometer; autoplay; clipboard-write; encrypted-media; gyroscope; picture-in-picture; web-share\" referrerpolicy=\"strict-origin-when-cross-origin\" allowfullscreen><\/iframe>\n<\/div><\/figure>\n\n\n\n<p>More soon!<\/p>\n\n\n\n<p><a href=\"https:\/\/www.facebook.com\/FreudVienna\"><strong>Freud:<\/strong><\/a><\/p>\n\n\n\n<figure class=\"wp-block-embed is-type-video is-provider-youtube wp-block-embed-youtube wp-embed-aspect-16-9 wp-has-aspect-ratio\"><div class=\"wp-block-embed__wrapper\">\n<iframe loading=\"lazy\" title=\"Freud   \u00dcberideal\" width=\"525\" height=\"295\" src=\"https:\/\/www.youtube.com\/embed\/5g08IosE0LM?feature=oembed\" frameborder=\"0\" allow=\"accelerometer; autoplay; clipboard-write; encrypted-media; gyroscope; picture-in-picture; web-share\" referrerpolicy=\"strict-origin-when-cross-origin\" allowfullscreen><\/iframe>\n<\/div><\/figure>\n\n\n\n<p><strong>More Soon!<\/strong><\/p>\n\n\n\n<p><\/p>\n","protected":false},"excerpt":{"rendered":"<p>Stubnblues 2Punkt0 14.04. Stadtsaal, Wien15.04. Kom\u00f6die, Graz23.04. Komma, W\u00f6rgl24.04. Spielboden, Dornbirn25.04. Bruckm\u00fchle, Pregarten30.04. ArgeKultur, Salzburg01.05. B\u00fchne im Hof, St.P\u00f6lten26.&amp;27.06 Weingut Pongratz, Gamlitz26.07. Salzachfestspiele, Laufen16.09. Theater am Spittlberg, Wien09.12. Stadttheater, Brunneck10.12. Cinetheatro, Neukirchen MickHarvey und AmandaAcevedo 23.04.26 Theater Akzent \/ Wien Tickets Rebekka Bakken 17.05.26 Weiz \/ Kunsthaus &#8211; Tickets 25.05.26 Klagenfurt \/ Burghof &#8211; Sold &hellip; <\/p>\n<p class=\"link-more\"><a href=\"https:\/\/www.vollersound.com\/?page_id=207\" class=\"more-link\"><span class=\"screen-reader-text\">\u201eLive Termine\u201c <\/span>weiterlesen<\/a><\/p>\n","protected":false},"author":1,"featured_media":0,"parent":0,"menu_order":0,"comment_status":"closed","ping_status":"closed","template":"","meta":{"footnotes":""},"class_list":["post-207","page","type-page","status-publish","hentry"],"_links":{"self":[{"href":"https:\/\/www.vollersound.com\/index.php?rest_route=\/wp\/v2\/pages\/207","targetHints":{"allow":["GET"]}}],"collection":[{"href":"https:\/\/www.vollersound.com\/index.php?rest_route=\/wp\/v2\/pages"}],"about":[{"href":"https:\/\/www.vollersound.com\/index.php?rest_route=\/wp\/v2\/types\/page"}],"author":[{"embeddable":true,"href":"https:\/\/www.vollersound.com\/index.php?rest_route=\/wp\/v2\/users\/1"}],"replies":[{"embeddable":true,"href":"https:\/\/www.vollersound.com\/index.php?rest_route=%2Fwp%2Fv2%2Fcomments&post=207"}],"version-history":[{"count":498,"href":"https:\/\/www.vollersound.com\/index.php?rest_route=\/wp\/v2\/pages\/207\/revisions"}],"predecessor-version":[{"id":9168,"href":"https:\/\/www.vollersound.com\/index.php?rest_route=\/wp\/v2\/pages\/207\/revisions\/9168"}],"wp:attachment":[{"href":"https:\/\/www.vollersound.com\/index.php?rest_route=%2Fwp%2Fv2%2Fmedia&parent=207"}],"curies":[{"name":"wp","href":"https:\/\/api.w.org\/{rel}","templated":true}]}}