{"id":147,"date":"2018-02-05T14:54:27","date_gmt":"2018-02-05T13:54:27","guid":{"rendered":"http:\/\/www.vollersound.com\/?page_id=147"},"modified":"2024-03-12T10:42:18","modified_gmt":"2024-03-12T09:42:18","slug":"leistungen","status":"publish","type":"page","link":"https:\/\/www.vollersound.com\/?page_id=147","title":{"rendered":"Leistungen:"},"content":{"rendered":"\n<p><a href=\"https:\/\/www.promojukebox.com\/pool\/signup\/vollersound_at\/2e49f825efb463c6\/092b17a4850dfaf8\/\" target=\"_blank\" rel=\"noreferrer noopener\"><strong>Promotion Pool Registration &#8211; Receive new music from VOLLER SOUND<\/strong><\/a><\/p>\n\n\n<p>Voller Sound \u2013 Music- and Labelservice ist eine Vertriebs-, Label- und Promotionfirma f\u00fcr etablierte und neue K\u00fcnstler sowie Labels.<\/p>\n<p><strong>Fertigung:<\/strong> Voller Sound bietet dir die Abwicklung der Herstellung deiner LP, CD, DVD an.\u00a0 Anfragen bitte an:\u00a0 <strong><a href=\"mailto:herstellung@vollersound.com\">herstellung@vollersound.com<\/a><\/strong><\/p>\n<p>Die Pressdauer bei Vinyl ist ab sofort wieder \u00fcberschaubar. Gerne kann ich dir Infos schicken.<\/p>\n<p>Durch die jahrelange Erfahrung sowohl im Handel als auch im Vertrieb-, Produkt und Promotionbereich erstelle ich individuell abgestimmte Pl\u00e4ne f\u00fcr K\u00fcnstler und Labels um euch den passenden und erfolgreichen Auftritt in der \u00f6sterreichischen Musiklandschaft zu erm\u00f6glichen.<\/p>\n<p>Ein weiterer Bestandteil ist, Tourpromotion, die K\u00fcnstlerbetreuung und Presseabwicklung bei Konzerten sowie die Koordination und die Abwicklung von Promotiontagen.<\/p>\n<p>Auch als externer Produktmanager f\u00fcr eure Ver\u00f6ffentlichungen stehe ich gerne zur Verf\u00fcgung.<\/p>\n<p>Anfragen bitte an <a href=\"mailto:contact@vollersound.com\"><strong>contact@vollersound.com<\/strong><\/a><\/p>","protected":false},"excerpt":{"rendered":"<p>Promotion Pool Registration &#8211; Receive new music from VOLLER SOUND Voller Sound \u2013 Music- and Labelservice ist eine Vertriebs-, Label- und Promotionfirma f\u00fcr etablierte und neue K\u00fcnstler sowie Labels. Fertigung: Voller Sound bietet dir die Abwicklung der Herstellung deiner LP, CD, DVD an.\u00a0 Anfragen bitte an:\u00a0 herstellung@vollersound.com Die Pressdauer bei Vinyl ist ab sofort wieder &hellip; <\/p>\n<p class=\"link-more\"><a href=\"https:\/\/www.vollersound.com\/?page_id=147\" class=\"more-link\"><span class=\"screen-reader-text\">\u201eLeistungen:\u201c <\/span>weiterlesen<\/a><\/p>\n","protected":false},"author":1,"featured_media":214,"parent":0,"menu_order":0,"comment_status":"closed","ping_status":"closed","template":"","meta":{"footnotes":""},"class_list":["post-147","page","type-page","status-publish","has-post-thumbnail","hentry"],"_links":{"self":[{"href":"https:\/\/www.vollersound.com\/index.php?rest_route=\/wp\/v2\/pages\/147","targetHints":{"allow":["GET"]}}],"collection":[{"href":"https:\/\/www.vollersound.com\/index.php?rest_route=\/wp\/v2\/pages"}],"about":[{"href":"https:\/\/www.vollersound.com\/index.php?rest_route=\/wp\/v2\/types\/page"}],"author":[{"embeddable":true,"href":"https:\/\/www.vollersound.com\/index.php?rest_route=\/wp\/v2\/users\/1"}],"replies":[{"embeddable":true,"href":"https:\/\/www.vollersound.com\/index.php?rest_route=%2Fwp%2Fv2%2Fcomments&post=147"}],"version-history":[{"count":16,"href":"https:\/\/www.vollersound.com\/index.php?rest_route=\/wp\/v2\/pages\/147\/revisions"}],"predecessor-version":[{"id":6756,"href":"https:\/\/www.vollersound.com\/index.php?rest_route=\/wp\/v2\/pages\/147\/revisions\/6756"}],"wp:featuredmedia":[{"embeddable":true,"href":"https:\/\/www.vollersound.com\/index.php?rest_route=\/wp\/v2\/media\/214"}],"wp:attachment":[{"href":"https:\/\/www.vollersound.com\/index.php?rest_route=%2Fwp%2Fv2%2Fmedia&parent=147"}],"curies":[{"name":"wp","href":"https:\/\/api.w.org\/{rel}","templated":true}]}}